{"id":42,"date":"2019-05-07T12:00:11","date_gmt":"2019-05-07T12:00:11","guid":{"rendered":"http:\/\/www.preview.canyonthemes.com\/better-health\/?page_id=42"},"modified":"2019-07-02T23:23:40","modified_gmt":"2019-07-02T23:23:40","slug":"welcome-to-canyon-hospital","status":"publish","type":"page","link":"https:\/\/dentalc.es\/prod.dentalc.wp\/welcome-to-canyon-hospital\/","title":{"rendered":"Bienvenid@ a DENTALC"},"content":{"rendered":"<p><!--vcv no format--><\/p>\n<div class=\"vce-row-container\">\n<div class=\"vce-row vce-row--col-gap-30 vce-row-columns--top vce-row-content--top\" id=\"el-051db24f\" data-vce-do-apply=\"all el-051db24f\">\n<div class=\"vce-row-content\" data-vce-element-content=\"true\">\n<div class=\"vce-col vce-col--md-auto vce-col--xs-1 vce-col--xs-last vce-col--xs-first vce-col--sm-last vce-col--sm-first vce-col--md-last vce-col--lg-last vce-col--xl-last vce-col--md-first vce-col--lg-first vce-col--xl-first\" id=\"el-a21730d7\">\n<div class=\"vce-col-inner\" data-vce-do-apply=\"border margin background  el-a21730d7\">\n<div class=\"vce-col-content\" data-vce-element-content=\"true\" data-vce-do-apply=\"padding el-a21730d7\">\n<div class=\"vce-text-block\">\n<div class=\"vce-text-block-wrapper vce\" id=\"el-cf86023d\" data-vce-do-apply=\"all el-cf86023d\"><\/div><\/div><\/div><\/div><\/div><\/div><\/div><\/div>\n\n\n<p><p style=\"text-align: justify;\">Elige a nuestro equipo experto porque somos los que desarrollamos la odontolog\u00eda m\u00e1s avanzada al mejor precio y la capacidad de mantener los est\u00e1ndares de calidad al m\u00e1s alto nivel.<\/p><\/p>\n\n\n\n<p><p style=\"text-align: justify;\">Usamos implantes Premium y los mejores materiales dentales, somos los mejores profesionales y trabajamos con el mejor equipo tanto de dentistas, higienistas bucodentales y prot\u00e9sicos dentales.<\/p><\/p>\n\n\n\n<br \/>\n<br \/>\n<br \/>\n\n\n\n\n<h2 class=\"wp-block-heading\">LOCALIZACI\u00d3N<\/h2>\n\n\n\n<br \/>\n<br \/>\n\n\n\n\n<p><\/p>\n\n\n\n<figure><iframe src=\"https:\/\/www.google.com\/maps\/embed?pb=!1m14!1m8!1m3!1d11683.733920835093!2d-3.5722141!3d42.9375292!3m2!1i1024!2i768!4f13.1!3m3!1m2!1s0x0%3A0xc858fd5e6619f439!2sClinica+dental+DentalC!5e0!3m2!1ses!2ses!4v1562109469962!5m2!1ses!2ses\" width=\"600\" height=\"450\" allowfullscreen=\"\"><\/iframe><\/figure>\n\n\n\n\n\n\n\n\n\n\n<div class=\"vce-row-container\">\n<div class=\"vce-row vce-row--col-gap-30 vce-row-columns--top vce-row-content--top\" id=\"el-908f463d\" data-vce-do-apply=\"all el-908f463d\">\n<div class=\"vce-row-content\" data-vce-element-content=\"true\">\n<div class=\"vce-col vce-col--md-auto vce-col--xs-1 vce-col--xs-last vce-col--xs-first vce-col--sm-last vce-col--sm-first vce-col--md-last vce-col--lg-last vce-col--xl-last vce-col--md-first vce-col--lg-first vce-col--xl-first\" id=\"el-cad84be3\">\n<div class=\"vce-col-inner\" data-vce-do-apply=\"border margin background  el-cad84be3\">\n<div class=\"vce-col-content\" data-vce-element-content=\"true\" data-vce-do-apply=\"padding el-cad84be3\">\n<div class=\"vce-row-container\">\n<div class=\"vce-row vce-row--col-gap-30 vce-row-columns--top vce-row-content--top\" id=\"el-0f3f95de\" data-vce-do-apply=\"all el-0f3f95de\">\n<div class=\"vce-row-content\" data-vce-element-content=\"true\">\n<div class=\"vce-col vce-col--md-auto vce-col--xs-1 vce-col--xs-last vce-col--xs-first vce-col--sm-last vce-col--sm-first vce-col--md-last vce-col--lg-last vce-col--xl-last vce-col--md-first vce-col--lg-first vce-col--xl-first\" id=\"el-4412bbc3\">\n<div class=\"vce-col-inner\" data-vce-do-apply=\"border margin background  el-4412bbc3\">\n<div class=\"vce-col-content\" data-vce-element-content=\"true\" data-vce-do-apply=\"padding el-4412bbc3\"><\/div>\n<\/div>\n<\/div>\n<\/div>\n<\/div>\n<\/div>\n<\/div>\n<\/div>\n<\/div>\n<\/div>\n<\/div>\n<\/div>\n<p><!--vcv no format--><\/p>","protected":false},"excerpt":{"rendered":"<p>Elige a nuestro equipo experto porque somos los que desarrollamos la odontolog\u00eda m\u00e1s avanzada al mejor precio y la capacidad de mantener los est\u00e1ndares de calidad al m\u00e1s alto nivel. Usamos implantes Premium y los mejores materiales dentales, somos los mejores profesionales y trabajamos con el mejor equipo tanto de dentistas, higienistas bucodentales y prot\u00e9sicos [&hellip;]<\/p>\n","protected":false},"author":1,"featured_media":0,"parent":0,"menu_order":0,"comment_status":"closed","ping_status":"closed","template":"","meta":{"footnotes":""},"class_list":["post-42","page","type-page","status-publish","hentry"],"yoast_head":"<!-- This site is optimized with the Yoast SEO plugin v23.1 - https:\/\/yoast.com\/wordpress\/plugins\/seo\/ -->\n<title>Bienvenid@ a DENTALC<\/title>\n<meta name=\"robots\" content=\"index, follow, max-snippet:-1, max-image-preview:large, max-video-preview:-1\" \/>\n<link rel=\"canonical\" href=\"https:\/\/dentalc.es\/prod.dentalc.wp\/welcome-to-canyon-hospital\/\" \/>\n<meta property=\"og:locale\" content=\"es_ES\" \/>\n<meta property=\"og:type\" content=\"article\" \/>\n<meta property=\"og:title\" content=\"Bienvenid@ a DENTALC\" \/>\n<meta property=\"og:description\" content=\"Elige a nuestro equipo experto porque somos los que desarrollamos la odontolog\u00eda m\u00e1s avanzada al mejor precio y la capacidad de mantener los est\u00e1ndares de calidad al m\u00e1s alto nivel. Usamos implantes Premium y los mejores materiales dentales, somos los mejores profesionales y trabajamos con el mejor equipo tanto de dentistas, higienistas bucodentales y prot\u00e9sicos [&hellip;]\" \/>\n<meta property=\"og:url\" content=\"https:\/\/dentalc.es\/prod.dentalc.wp\/welcome-to-canyon-hospital\/\" \/>\n<meta property=\"og:site_name\" content=\"DentalC - Centro Dental Villarcayo\" \/>\n<meta property=\"article:modified_time\" content=\"2019-07-02T23:23:40+00:00\" \/>\n<meta name=\"twitter:card\" content=\"summary_large_image\" \/>\n<script type=\"application\/ld+json\" class=\"yoast-schema-graph\">{\"@context\":\"https:\/\/schema.org\",\"@graph\":[{\"@type\":\"WebPage\",\"@id\":\"https:\/\/dentalc.es\/prod.dentalc.wp\/welcome-to-canyon-hospital\/\",\"url\":\"https:\/\/dentalc.es\/prod.dentalc.wp\/welcome-to-canyon-hospital\/\",\"name\":\"Bienvenid@ a DENTALC\",\"isPartOf\":{\"@id\":\"https:\/\/dentalc.es\/prod.dentalc.wp\/#website\"},\"datePublished\":\"2019-05-07T12:00:11+00:00\",\"dateModified\":\"2019-07-02T23:23:40+00:00\",\"breadcrumb\":{\"@id\":\"https:\/\/dentalc.es\/prod.dentalc.wp\/welcome-to-canyon-hospital\/#breadcrumb\"},\"inLanguage\":\"es\",\"potentialAction\":[{\"@type\":\"ReadAction\",\"target\":[\"https:\/\/dentalc.es\/prod.dentalc.wp\/welcome-to-canyon-hospital\/\"]}]},{\"@type\":\"BreadcrumbList\",\"@id\":\"https:\/\/dentalc.es\/prod.dentalc.wp\/welcome-to-canyon-hospital\/#breadcrumb\",\"itemListElement\":[{\"@type\":\"ListItem\",\"position\":1,\"name\":\"Portada\",\"item\":\"https:\/\/dentalc.es\/prod.dentalc.wp\/\"},{\"@type\":\"ListItem\",\"position\":2,\"name\":\"Bienvenid@ a DENTALC\"}]},{\"@type\":\"WebSite\",\"@id\":\"https:\/\/dentalc.es\/prod.dentalc.wp\/#website\",\"url\":\"https:\/\/dentalc.es\/prod.dentalc.wp\/\",\"name\":\"DentalC - Centro Dental Villarcayo\",\"description\":\"Especialistas en Implantes\",\"publisher\":{\"@id\":\"https:\/\/dentalc.es\/prod.dentalc.wp\/#organization\"},\"potentialAction\":[{\"@type\":\"SearchAction\",\"target\":{\"@type\":\"EntryPoint\",\"urlTemplate\":\"https:\/\/dentalc.es\/prod.dentalc.wp\/?s={search_term_string}\"},\"query-input\":\"required name=search_term_string\"}],\"inLanguage\":\"es\"},{\"@type\":\"Organization\",\"@id\":\"https:\/\/dentalc.es\/prod.dentalc.wp\/#organization\",\"name\":\"Cl\u00ednica dental DentalC - Tu centro dental de confianza en Villarcayo\",\"url\":\"https:\/\/dentalc.es\/prod.dentalc.wp\/\",\"logo\":{\"@type\":\"ImageObject\",\"inLanguage\":\"es\",\"@id\":\"https:\/\/dentalc.es\/prod.dentalc.wp\/#\/schema\/logo\/image\/\",\"url\":\"http:\/\/192.168.0.135\/prod.dentalc.wp\/wp-content\/uploads\/2019\/06\/DentalC-Logo.png\",\"contentUrl\":\"http:\/\/192.168.0.135\/prod.dentalc.wp\/wp-content\/uploads\/2019\/06\/DentalC-Logo.png\",\"width\":565,\"height\":254,\"caption\":\"Cl\u00ednica dental DentalC - Tu centro dental de confianza en Villarcayo\"},\"image\":{\"@id\":\"https:\/\/dentalc.es\/prod.dentalc.wp\/#\/schema\/logo\/image\/\"}}]}<\/script>\n<!-- \/ Yoast SEO plugin. -->","yoast_head_json":{"title":"Bienvenid@ a DENTALC","robots":{"index":"index","follow":"follow","max-snippet":"max-snippet:-1","max-image-preview":"max-image-preview:large","max-video-preview":"max-video-preview:-1"},"canonical":"https:\/\/dentalc.es\/prod.dentalc.wp\/welcome-to-canyon-hospital\/","og_locale":"es_ES","og_type":"article","og_title":"Bienvenid@ a DENTALC","og_description":"Elige a nuestro equipo experto porque somos los que desarrollamos la odontolog\u00eda m\u00e1s avanzada al mejor precio y la capacidad de mantener los est\u00e1ndares de calidad al m\u00e1s alto nivel. Usamos implantes Premium y los mejores materiales dentales, somos los mejores profesionales y trabajamos con el mejor equipo tanto de dentistas, higienistas bucodentales y prot\u00e9sicos [&hellip;]","og_url":"https:\/\/dentalc.es\/prod.dentalc.wp\/welcome-to-canyon-hospital\/","og_site_name":"DentalC - Centro Dental Villarcayo","article_modified_time":"2019-07-02T23:23:40+00:00","twitter_card":"summary_large_image","schema":{"@context":"https:\/\/schema.org","@graph":[{"@type":"WebPage","@id":"https:\/\/dentalc.es\/prod.dentalc.wp\/welcome-to-canyon-hospital\/","url":"https:\/\/dentalc.es\/prod.dentalc.wp\/welcome-to-canyon-hospital\/","name":"Bienvenid@ a DENTALC","isPartOf":{"@id":"https:\/\/dentalc.es\/prod.dentalc.wp\/#website"},"datePublished":"2019-05-07T12:00:11+00:00","dateModified":"2019-07-02T23:23:40+00:00","breadcrumb":{"@id":"https:\/\/dentalc.es\/prod.dentalc.wp\/welcome-to-canyon-hospital\/#breadcrumb"},"inLanguage":"es","potentialAction":[{"@type":"ReadAction","target":["https:\/\/dentalc.es\/prod.dentalc.wp\/welcome-to-canyon-hospital\/"]}]},{"@type":"BreadcrumbList","@id":"https:\/\/dentalc.es\/prod.dentalc.wp\/welcome-to-canyon-hospital\/#breadcrumb","itemListElement":[{"@type":"ListItem","position":1,"name":"Portada","item":"https:\/\/dentalc.es\/prod.dentalc.wp\/"},{"@type":"ListItem","position":2,"name":"Bienvenid@ a DENTALC"}]},{"@type":"WebSite","@id":"https:\/\/dentalc.es\/prod.dentalc.wp\/#website","url":"https:\/\/dentalc.es\/prod.dentalc.wp\/","name":"DentalC - Centro Dental Villarcayo","description":"Especialistas en Implantes","publisher":{"@id":"https:\/\/dentalc.es\/prod.dentalc.wp\/#organization"},"potentialAction":[{"@type":"SearchAction","target":{"@type":"EntryPoint","urlTemplate":"https:\/\/dentalc.es\/prod.dentalc.wp\/?s={search_term_string}"},"query-input":"required name=search_term_string"}],"inLanguage":"es"},{"@type":"Organization","@id":"https:\/\/dentalc.es\/prod.dentalc.wp\/#organization","name":"Cl\u00ednica dental DentalC - Tu centro dental de confianza en Villarcayo","url":"https:\/\/dentalc.es\/prod.dentalc.wp\/","logo":{"@type":"ImageObject","inLanguage":"es","@id":"https:\/\/dentalc.es\/prod.dentalc.wp\/#\/schema\/logo\/image\/","url":"http:\/\/192.168.0.135\/prod.dentalc.wp\/wp-content\/uploads\/2019\/06\/DentalC-Logo.png","contentUrl":"http:\/\/192.168.0.135\/prod.dentalc.wp\/wp-content\/uploads\/2019\/06\/DentalC-Logo.png","width":565,"height":254,"caption":"Cl\u00ednica dental DentalC - Tu centro dental de confianza en Villarcayo"},"image":{"@id":"https:\/\/dentalc.es\/prod.dentalc.wp\/#\/schema\/logo\/image\/"}}]}},"_links":{"self":[{"href":"https:\/\/dentalc.es\/prod.dentalc.wp\/wp-json\/wp\/v2\/pages\/42"}],"collection":[{"href":"https:\/\/dentalc.es\/prod.dentalc.wp\/wp-json\/wp\/v2\/pages"}],"about":[{"href":"https:\/\/dentalc.es\/prod.dentalc.wp\/wp-json\/wp\/v2\/types\/page"}],"author":[{"embeddable":true,"href":"https:\/\/dentalc.es\/prod.dentalc.wp\/wp-json\/wp\/v2\/users\/1"}],"replies":[{"embeddable":true,"href":"https:\/\/dentalc.es\/prod.dentalc.wp\/wp-json\/wp\/v2\/comments?post=42"}],"version-history":[{"count":9,"href":"https:\/\/dentalc.es\/prod.dentalc.wp\/wp-json\/wp\/v2\/pages\/42\/revisions"}],"predecessor-version":[{"id":340,"href":"https:\/\/dentalc.es\/prod.dentalc.wp\/wp-json\/wp\/v2\/pages\/42\/revisions\/340"}],"wp:attachment":[{"href":"https:\/\/dentalc.es\/prod.dentalc.wp\/wp-json\/wp\/v2\/media?parent=42"}],"curies":[{"name":"wp","href":"https:\/\/api.w.org\/{rel}","templated":true}]}}