{"id":28,"date":"2019-05-07T11:53:18","date_gmt":"2019-05-07T11:53:18","guid":{"rendered":"http:\/\/www.preview.canyonthemes.com\/better-health\/?page_id=28"},"modified":"2024-07-24T10:27:41","modified_gmt":"2024-07-24T10:27:41","slug":"tratamientos","status":"publish","type":"page","link":"https:\/\/dentalc.es\/prod.dentalc.wp\/tratamientos\/","title":{"rendered":"Tratamientos a medida"},"content":{"rendered":"\t\t<div data-elementor-type=\"wp-post\" data-elementor-id=\"28\" class=\"elementor elementor-28\">\n\t\t\t\t\t\t<section class=\"elementor-section elementor-top-section elementor-element elementor-element-9754b4b elementor-section-boxed elementor-section-height-default elementor-section-height-default\" data-id=\"9754b4b\" data-element_type=\"section\">\n\t\t\t\t\t\t<div class=\"elementor-container elementor-column-gap-default\">\n\t\t\t\t\t<div class=\"elementor-column elementor-col-100 elementor-top-column elementor-element elementor-element-92dce43\" data-id=\"92dce43\" data-element_type=\"column\">\n\t\t\t<div class=\"elementor-widget-wrap elementor-element-populated\">\n\t\t\t\t\t\t<div class=\"elementor-element elementor-element-d477f7a elementor-widget-divider--view-line elementor-widget elementor-widget-divider\" data-id=\"d477f7a\" data-element_type=\"widget\" data-widget_type=\"divider.default\">\n\t\t\t\t<div class=\"elementor-widget-container\">\n\t\t\t\t\t\t\t<div class=\"elementor-divider\">\n\t\t\t<span class=\"elementor-divider-separator\">\n\t\t\t\t\t\t<\/span>\n\t\t<\/div>\n\t\t\t\t\t\t<\/div>\n\t\t\t\t<\/div>\n\t\t\t\t\t<\/div>\n\t\t<\/div>\n\t\t\t\t\t<\/div>\n\t\t<\/section>\n\t\t\t\t<section class=\"elementor-section elementor-top-section elementor-element elementor-element-23b6f03 elementor-section-boxed elementor-section-height-default elementor-section-height-default\" data-id=\"23b6f03\" data-element_type=\"section\">\n\t\t\t\t\t\t<div class=\"elementor-container elementor-column-gap-default\">\n\t\t\t\t\t<div class=\"elementor-column elementor-col-50 elementor-top-column elementor-element elementor-element-eeec84c\" data-id=\"eeec84c\" data-element_type=\"column\">\n\t\t\t<div class=\"elementor-widget-wrap elementor-element-populated\">\n\t\t\t\t\t\t<div class=\"elementor-element elementor-element-1be30fd elementor-widget elementor-widget-text-editor\" data-id=\"1be30fd\" data-element_type=\"widget\" data-widget_type=\"text-editor.default\">\n\t\t\t\t<div class=\"elementor-widget-container\">\n\t\t\t\t\t\t\t\t\t<h2>Implantes dentales<\/h2>\n<div>\u00a0<\/div>\n<p style=\"text-align: justify;\">Los implantes dentales son ra\u00edces de titanio que se unen a la mand\u00edbula y sirven para soportar sus nuevos dientes fijos. Gracias al implante sustituimos la ra\u00edz de la pieza perdida y posteriormente lo cubrimos con la corona. As\u00ed recuperamos su funcionalidad y su est\u00e9tica. Los implantes se colocan mediante un procedimiento sencillo, en una sola sesi\u00f3n bajo anestesia local.<\/p>\n<p style=\"text-align: justify;\">Este sistema, es la opci\u00f3n fija, definitiva y m\u00e1s innovadora para reponer los dientes de por vida.<\/p>\n<p>Una de las ventajas es que no compromete otras estructuras. Al ser un tratamiento totalmente independiente, no necesitamos tallar los dientes sanos adyacentes, tal y como ocurre con la colocaci\u00f3n de un puente.<\/p>\n<p>Otra ventaja es que ofrece un sistema de fijaci\u00f3n sin necesidad de pegamentos para los pacientes que utilizan pr\u00f3tesis completas.<\/p>\n<p>\u00a0<\/p>\t\t\t\t\t\t\t\t<\/div>\n\t\t\t\t<\/div>\n\t\t\t\t<div class=\"elementor-element elementor-element-24165e3 elementor-button-info elementor-align-center elementor-widget elementor-widget-button\" data-id=\"24165e3\" data-element_type=\"widget\" data-widget_type=\"button.default\">\n\t\t\t\t<div class=\"elementor-widget-container\">\n\t\t\t\t\t\t\t\t\t<div class=\"elementor-button-wrapper\">\n\t\t\t\t\t<a class=\"elementor-button elementor-button-link elementor-size-sm\" href=\"http:\/\/192.168.0.135\/prod.dentalc.wp\/promociones-disponibles-verano-2019-2\/\">\n\t\t\t\t\t\t<span class=\"elementor-button-content-wrapper\">\n\t\t\t\t\t\t\t\t\t<span class=\"elementor-button-text\">Conoce nuestras promociones en implantes<\/span>\n\t\t\t\t\t<\/span>\n\t\t\t\t\t<\/a>\n\t\t\t\t<\/div>\n\t\t\t\t\t\t\t\t<\/div>\n\t\t\t\t<\/div>\n\t\t\t\t\t<\/div>\n\t\t<\/div>\n\t\t\t\t<div class=\"elementor-column elementor-col-50 elementor-top-column elementor-element elementor-element-d4d24cd\" data-id=\"d4d24cd\" data-element_type=\"column\">\n\t\t\t<div class=\"elementor-widget-wrap elementor-element-populated\">\n\t\t\t\t\t\t<div class=\"elementor-element elementor-element-2d79342 elementor-widget elementor-widget-text-editor\" data-id=\"2d79342\" data-element_type=\"widget\" data-widget_type=\"text-editor.default\">\n\t\t\t\t<div class=\"elementor-widget-container\">\n\t\t\t\t\t\t\t\t\t<p><img decoding=\"async\" src=\"https:\/\/www.amoraclinicadental.es\/wp-content\/uploads\/ximplantes_dentales.jpg.pagespeed.ic.Ms5sF-3CwU.jpg\" alt=\"Resultado de imagen de servicios dentales\" \/><\/p>\n<p>\u00a0<\/p>\n<p>Y lo mejor, \u00a1s\u00f3lo utilizamos implantes y materiales de alta gama!<\/p>\t\t\t\t\t\t\t\t<\/div>\n\t\t\t\t<\/div>\n\t\t\t\t\t<\/div>\n\t\t<\/div>\n\t\t\t\t\t<\/div>\n\t\t<\/section>\n\t\t\t\t<section class=\"elementor-section elementor-top-section elementor-element elementor-element-2bc4dc8c elementor-section-boxed elementor-section-height-default elementor-section-height-default\" data-id=\"2bc4dc8c\" data-element_type=\"section\">\n\t\t\t\t\t\t<div class=\"elementor-container elementor-column-gap-default\">\n\t\t\t\t\t<div class=\"elementor-column elementor-col-100 elementor-top-column elementor-element elementor-element-6909020b\" data-id=\"6909020b\" data-element_type=\"column\">\n\t\t\t<div class=\"elementor-widget-wrap elementor-element-populated\">\n\t\t\t\t\t\t<div class=\"elementor-element elementor-element-21559d97 elementor-widget elementor-widget-text-editor\" data-id=\"21559d97\" data-element_type=\"widget\" data-widget_type=\"text-editor.default\">\n\t\t\t\t<div class=\"elementor-widget-container\">\n\t\t\t\t\t\t\t\t\t<p><!--vcv no format--><\/p>\n<p style=\"text-align: justify;\">\u00a0<\/p>\n<p style=\"text-align: justify;\">\u00a0<\/p>\n<h2 style=\"text-align: justify;\">\u00a0<\/h2>\n<h2 style=\"text-align: justify;\">Dientes en 1 hora<\/h2>\n<div>\n<div data-vce-do-apply=\"all el-e3408565\">\n<div data-vce-element-content=\"true\">\n<div>\n<div data-vce-do-apply=\"border margin background el-281a72d8\">\n<div data-vce-element-content=\"true\" data-vce-do-apply=\"padding el-281a72d8\">\n<div>\n<div data-vce-do-apply=\"all el-c5d5504b\">\n<h2><!-- \/wp:heading --><!-- wp:paragraph --><\/h2>\n<p style=\"text-align: justify;\">Se puede reponer el diente perdido en una sola sesi\u00f3n, mediante la inserci\u00f3n inmediata de un diente artificial en el implante dental. Esta t\u00e9cnica es conocida como \u201ccarga inmediata\u201d.<\/p>\n<p style=\"text-align: justify;\">\u00a0<\/p>\n<h2><!-- \/wp:paragraph --><!-- wp:heading --><\/h2>\n<h2 style=\"text-align: justify;\">Pr\u00f3tesis dentales<\/h2>\n<p>\u00a0<\/p>\n<h2><!-- \/wp:heading --><!-- wp:paragraph --><\/h2>\n<p style=\"text-align: justify;\">Todas las pr\u00f3tesis dentales tienen la ventaja de poder sustituir las piezas dentales perdidas recuperando la funcionalidad perdida, se recupera no s\u00f3lo la funci\u00f3n de masticaci\u00f3n, sino tambi\u00e9n la fonaci\u00f3n y la est\u00e9tica.<\/p>\n<h2><!-- \/wp:paragraph --><!-- wp:paragraph --><\/h2>\n<p style=\"text-align: justify;\">Se recupera la funci\u00f3n de fonaci\u00f3n que nos permite pronunciar palabras de forma mucho m\u00e1s clara y se nos entiende mejor.<\/p>\n<h2><!-- \/wp:paragraph --><!-- wp:paragraph --><\/h2>\n<p style=\"text-align: justify;\">Le ayudamos a conservar la sonrisa natural y as\u00ed no dejar\u00e1 de sonre\u00edr.<\/p>\n<p style=\"text-align: justify;\">\u00a0<\/p>\n<h2><!-- \/wp:paragraph --><!-- wp:heading --><\/h2>\n<h2 style=\"text-align: justify;\">Est\u00e9tica dental y Carillas<\/h2>\n<p>\u00a0<\/p>\n<h2><!-- \/wp:heading --><!-- wp:paragraph --><\/h2>\n<p style=\"text-align: justify;\">Luce una sonrisa espectacular gracias a las carillas dentales. Estas finas l\u00e1minas de porcelana permiten corregir la forma y el color de los dientes.<\/p>\n<p style=\"text-align: justify;\">\u00a0<\/p>\n<h2><!-- \/wp:paragraph --><!-- wp:heading --><\/h2>\n<h2 style=\"text-align: justify;\">Endodoncia<\/h2>\n<p>\u00a0<\/p>\n<h2><!-- \/wp:heading --><!-- wp:paragraph --><\/h2>\n<p style=\"text-align: justify;\">Es la eliminaci\u00f3n del nervio doloroso o infectado para poder conservar el diente. Es indoloro ya que se realiza bajo anestesia local. Acude a la cl\u00ednica y no pierdas tu pieza dental.<\/p>\n<h2><!-- \/wp:paragraph --><!-- wp:heading --><\/h2>\n<h2>\u00a0<\/h2>\n<h2 style=\"text-align: justify;\">Ortodoncia<\/h2>\n<p>\u00a0<\/p>\n<h2><!-- \/wp:heading --><!-- wp:paragraph --><\/h2>\n<p style=\"text-align: justify;\">Es la especialidad dentro de la odontolog\u00eda encargada de alinear los dientes. Desde la soluci\u00f3n tradicional de ortodoncia met\u00e1lica hasta los \u00faltimos tratamientos de ortodoncia est\u00e9tica.<\/p>\n<h2><!-- \/wp:paragraph --><!-- wp:heading --><\/h2>\n<h2>\u00a0<\/h2>\n<h2 style=\"text-align: justify;\">Ortodoncia invisible<\/h2>\n<p>\u00a0<\/p>\n<h2><!-- \/wp:heading --><!-- wp:paragraph --><\/h2>\n<p style=\"text-align: justify;\">Es el proceso de correcci\u00f3n de la alineaci\u00f3n de los dientes mediante alineadores transparentes. Nuestro tratamiento es casi imperceptible y conseguir\u00e1s una sonrisa perfecta sin que nadie lo note.<\/p>\n<h2><!-- \/wp:paragraph --><!-- wp:heading --><\/h2>\n<h2>\u00a0<\/h2>\n<h2 style=\"text-align: justify;\">Blanqueamiento dental<\/h2>\n<p>\u00a0<\/p>\n<h2><!-- \/wp:heading --><!-- wp:paragraph --><\/h2>\n<p style=\"text-align: justify;\">Blaqueamiento externo: Si tu dentadura ha ido adquiriendo una coloraci\u00f3n amarillenta a lo largo de los a\u00f1os podr\u00e1s recuperar la blancura de la misma gracias a nuestros tratamientos de blanqueamiento dental o simplemente si quieres que tu dientes luzcan m\u00e1s blancos. Nuestro tratamiento no implica desgaste ni dolor.<\/p>\n<h2><!-- \/wp:paragraph --><!-- wp:paragraph --><\/h2>\n<p style=\"text-align: justify;\">Blanqueamiento interno: Tras la realizaci\u00f3n de una endodoncia es frecuente que el diente se decolore y oscurezca. Con el blanqueamiento interno, logramos en dos o tres sesiones devolver el color original del diente.<\/p>\n<h2><!-- \/wp:paragraph --><!-- wp:heading --><\/h2>\n<h2>\u00a0<\/h2>\n<h2 style=\"text-align: justify;\">Odontopediatr\u00eda<\/h2>\n<p>\u00a0<\/p>\n<h2><!-- \/wp:heading --><!-- wp:paragraph --><\/h2>\n<p style=\"text-align: justify;\">Si buscas una Cl\u00ednica especializada en ni\u00f1os en Villarcayo, esta es tu cl\u00ednica. Conseguir que los ni\u00f1os acudan al dentista sin ning\u00fan tipo de temor es nuestra recompensa. Nuestra m\u00e1xima es prevenci\u00f3n y prevenci\u00f3n.<\/p>\n<p style=\"text-align: justify;\">\u00a0<\/p>\n<p style=\"text-align: justify;\">\u00a0<\/p>\n<\/div>\n<\/div>\n<\/div>\n<\/div>\n<\/div>\n<\/div>\n<\/div>\n<\/div>\n<p><!--vcv no format--><\/p>\t\t\t\t\t\t\t\t<\/div>\n\t\t\t\t<\/div>\n\t\t\t\t\t<\/div>\n\t\t<\/div>\n\t\t\t\t\t<\/div>\n\t\t<\/section>\n\t\t\t\t<\/div>\n\t\t","protected":false},"excerpt":{"rendered":"<p>Implantes dentales Los implantes dentales son ra\u00edces de titanio que se unen a la mand\u00edbula y sirven para soportar sus nuevos dientes fijos. Gracias al implante sustituimos la ra\u00edz de la pieza perdida y posteriormente lo cubrimos con la corona. As\u00ed recuperamos su funcionalidad y su est\u00e9tica. Los implantes se colocan mediante un procedimiento sencillo, [&hellip;]<\/p>\n","protected":false},"author":1,"featured_media":617,"parent":0,"menu_order":0,"comment_status":"closed","ping_status":"closed","template":"elementor_header_footer","meta":{"footnotes":""},"class_list":["post-28","page","type-page","status-publish","has-post-thumbnail","hentry"],"yoast_head":"<!-- This site is optimized with the Yoast SEO plugin v23.1 - https:\/\/yoast.com\/wordpress\/plugins\/seo\/ -->\n<title>Tratamientos a medida<\/title>\n<meta name=\"robots\" content=\"index, follow, max-snippet:-1, max-image-preview:large, max-video-preview:-1\" \/>\n<link rel=\"canonical\" href=\"https:\/\/dentalc.es\/prod.dentalc.wp\/tratamientos\/\" \/>\n<meta property=\"og:locale\" content=\"es_ES\" \/>\n<meta property=\"og:type\" content=\"article\" \/>\n<meta property=\"og:title\" content=\"Tratamientos a medida\" \/>\n<meta property=\"og:description\" content=\"Implantes dentales Los implantes dentales son ra\u00edces de titanio que se unen a la mand\u00edbula y sirven para soportar sus nuevos dientes fijos. Gracias al implante sustituimos la ra\u00edz de la pieza perdida y posteriormente lo cubrimos con la corona. As\u00ed recuperamos su funcionalidad y su est\u00e9tica. Los implantes se colocan mediante un procedimiento sencillo, [&hellip;]\" \/>\n<meta property=\"og:url\" content=\"https:\/\/dentalc.es\/prod.dentalc.wp\/tratamientos\/\" \/>\n<meta property=\"og:site_name\" content=\"DentalC - Centro Dental Villarcayo\" \/>\n<meta property=\"article:modified_time\" content=\"2024-07-24T10:27:41+00:00\" \/>\n<meta property=\"og:image\" content=\"https:\/\/dentalc.es\/prod.dentalc.wp\/wp-content\/uploads\/2024\/07\/removable-partial-denture-medically-accurate-toothgenerative-ai-1.jpg\" \/>\n\t<meta property=\"og:image:width\" content=\"2000\" \/>\n\t<meta property=\"og:image:height\" content=\"1333\" \/>\n\t<meta property=\"og:image:type\" content=\"image\/jpeg\" \/>\n<meta name=\"twitter:card\" content=\"summary_large_image\" \/>\n<meta name=\"twitter:label1\" content=\"Tiempo de lectura\" \/>\n\t<meta name=\"twitter:data1\" content=\"3 minutos\" \/>\n<script type=\"application\/ld+json\" class=\"yoast-schema-graph\">{\"@context\":\"https:\/\/schema.org\",\"@graph\":[{\"@type\":\"WebPage\",\"@id\":\"https:\/\/dentalc.es\/prod.dentalc.wp\/tratamientos\/\",\"url\":\"https:\/\/dentalc.es\/prod.dentalc.wp\/tratamientos\/\",\"name\":\"Tratamientos a medida\",\"isPartOf\":{\"@id\":\"https:\/\/dentalc.es\/prod.dentalc.wp\/#website\"},\"primaryImageOfPage\":{\"@id\":\"https:\/\/dentalc.es\/prod.dentalc.wp\/tratamientos\/#primaryimage\"},\"image\":{\"@id\":\"https:\/\/dentalc.es\/prod.dentalc.wp\/tratamientos\/#primaryimage\"},\"thumbnailUrl\":\"https:\/\/dentalc.es\/prod.dentalc.wp\/wp-content\/uploads\/2024\/07\/removable-partial-denture-medically-accurate-toothgenerative-ai-1.jpg\",\"datePublished\":\"2019-05-07T11:53:18+00:00\",\"dateModified\":\"2024-07-24T10:27:41+00:00\",\"breadcrumb\":{\"@id\":\"https:\/\/dentalc.es\/prod.dentalc.wp\/tratamientos\/#breadcrumb\"},\"inLanguage\":\"es\",\"potentialAction\":[{\"@type\":\"ReadAction\",\"target\":[\"https:\/\/dentalc.es\/prod.dentalc.wp\/tratamientos\/\"]}]},{\"@type\":\"ImageObject\",\"inLanguage\":\"es\",\"@id\":\"https:\/\/dentalc.es\/prod.dentalc.wp\/tratamientos\/#primaryimage\",\"url\":\"https:\/\/dentalc.es\/prod.dentalc.wp\/wp-content\/uploads\/2024\/07\/removable-partial-denture-medically-accurate-toothgenerative-ai-1.jpg\",\"contentUrl\":\"https:\/\/dentalc.es\/prod.dentalc.wp\/wp-content\/uploads\/2024\/07\/removable-partial-denture-medically-accurate-toothgenerative-ai-1.jpg\",\"width\":2000,\"height\":1333},{\"@type\":\"BreadcrumbList\",\"@id\":\"https:\/\/dentalc.es\/prod.dentalc.wp\/tratamientos\/#breadcrumb\",\"itemListElement\":[{\"@type\":\"ListItem\",\"position\":1,\"name\":\"Portada\",\"item\":\"https:\/\/dentalc.es\/prod.dentalc.wp\/\"},{\"@type\":\"ListItem\",\"position\":2,\"name\":\"Tratamientos a medida\"}]},{\"@type\":\"WebSite\",\"@id\":\"https:\/\/dentalc.es\/prod.dentalc.wp\/#website\",\"url\":\"https:\/\/dentalc.es\/prod.dentalc.wp\/\",\"name\":\"DentalC - Centro Dental Villarcayo\",\"description\":\"Especialistas en Implantes\",\"publisher\":{\"@id\":\"https:\/\/dentalc.es\/prod.dentalc.wp\/#organization\"},\"potentialAction\":[{\"@type\":\"SearchAction\",\"target\":{\"@type\":\"EntryPoint\",\"urlTemplate\":\"https:\/\/dentalc.es\/prod.dentalc.wp\/?s={search_term_string}\"},\"query-input\":\"required name=search_term_string\"}],\"inLanguage\":\"es\"},{\"@type\":\"Organization\",\"@id\":\"https:\/\/dentalc.es\/prod.dentalc.wp\/#organization\",\"name\":\"Cl\u00ednica dental DentalC - Tu centro dental de confianza en Villarcayo\",\"url\":\"https:\/\/dentalc.es\/prod.dentalc.wp\/\",\"logo\":{\"@type\":\"ImageObject\",\"inLanguage\":\"es\",\"@id\":\"https:\/\/dentalc.es\/prod.dentalc.wp\/#\/schema\/logo\/image\/\",\"url\":\"http:\/\/192.168.0.135\/prod.dentalc.wp\/wp-content\/uploads\/2019\/06\/DentalC-Logo.png\",\"contentUrl\":\"http:\/\/192.168.0.135\/prod.dentalc.wp\/wp-content\/uploads\/2019\/06\/DentalC-Logo.png\",\"width\":565,\"height\":254,\"caption\":\"Cl\u00ednica dental DentalC - Tu centro dental de confianza en Villarcayo\"},\"image\":{\"@id\":\"https:\/\/dentalc.es\/prod.dentalc.wp\/#\/schema\/logo\/image\/\"}}]}<\/script>\n<!-- \/ Yoast SEO plugin. -->","yoast_head_json":{"title":"Tratamientos a medida","robots":{"index":"index","follow":"follow","max-snippet":"max-snippet:-1","max-image-preview":"max-image-preview:large","max-video-preview":"max-video-preview:-1"},"canonical":"https:\/\/dentalc.es\/prod.dentalc.wp\/tratamientos\/","og_locale":"es_ES","og_type":"article","og_title":"Tratamientos a medida","og_description":"Implantes dentales Los implantes dentales son ra\u00edces de titanio que se unen a la mand\u00edbula y sirven para soportar sus nuevos dientes fijos. Gracias al implante sustituimos la ra\u00edz de la pieza perdida y posteriormente lo cubrimos con la corona. As\u00ed recuperamos su funcionalidad y su est\u00e9tica. Los implantes se colocan mediante un procedimiento sencillo, [&hellip;]","og_url":"https:\/\/dentalc.es\/prod.dentalc.wp\/tratamientos\/","og_site_name":"DentalC - Centro Dental Villarcayo","article_modified_time":"2024-07-24T10:27:41+00:00","og_image":[{"width":2000,"height":1333,"url":"https:\/\/dentalc.es\/prod.dentalc.wp\/wp-content\/uploads\/2024\/07\/removable-partial-denture-medically-accurate-toothgenerative-ai-1.jpg","type":"image\/jpeg"}],"twitter_card":"summary_large_image","twitter_misc":{"Tiempo de lectura":"3 minutos"},"schema":{"@context":"https:\/\/schema.org","@graph":[{"@type":"WebPage","@id":"https:\/\/dentalc.es\/prod.dentalc.wp\/tratamientos\/","url":"https:\/\/dentalc.es\/prod.dentalc.wp\/tratamientos\/","name":"Tratamientos a medida","isPartOf":{"@id":"https:\/\/dentalc.es\/prod.dentalc.wp\/#website"},"primaryImageOfPage":{"@id":"https:\/\/dentalc.es\/prod.dentalc.wp\/tratamientos\/#primaryimage"},"image":{"@id":"https:\/\/dentalc.es\/prod.dentalc.wp\/tratamientos\/#primaryimage"},"thumbnailUrl":"https:\/\/dentalc.es\/prod.dentalc.wp\/wp-content\/uploads\/2024\/07\/removable-partial-denture-medically-accurate-toothgenerative-ai-1.jpg","datePublished":"2019-05-07T11:53:18+00:00","dateModified":"2024-07-24T10:27:41+00:00","breadcrumb":{"@id":"https:\/\/dentalc.es\/prod.dentalc.wp\/tratamientos\/#breadcrumb"},"inLanguage":"es","potentialAction":[{"@type":"ReadAction","target":["https:\/\/dentalc.es\/prod.dentalc.wp\/tratamientos\/"]}]},{"@type":"ImageObject","inLanguage":"es","@id":"https:\/\/dentalc.es\/prod.dentalc.wp\/tratamientos\/#primaryimage","url":"https:\/\/dentalc.es\/prod.dentalc.wp\/wp-content\/uploads\/2024\/07\/removable-partial-denture-medically-accurate-toothgenerative-ai-1.jpg","contentUrl":"https:\/\/dentalc.es\/prod.dentalc.wp\/wp-content\/uploads\/2024\/07\/removable-partial-denture-medically-accurate-toothgenerative-ai-1.jpg","width":2000,"height":1333},{"@type":"BreadcrumbList","@id":"https:\/\/dentalc.es\/prod.dentalc.wp\/tratamientos\/#breadcrumb","itemListElement":[{"@type":"ListItem","position":1,"name":"Portada","item":"https:\/\/dentalc.es\/prod.dentalc.wp\/"},{"@type":"ListItem","position":2,"name":"Tratamientos a medida"}]},{"@type":"WebSite","@id":"https:\/\/dentalc.es\/prod.dentalc.wp\/#website","url":"https:\/\/dentalc.es\/prod.dentalc.wp\/","name":"DentalC - Centro Dental Villarcayo","description":"Especialistas en Implantes","publisher":{"@id":"https:\/\/dentalc.es\/prod.dentalc.wp\/#organization"},"potentialAction":[{"@type":"SearchAction","target":{"@type":"EntryPoint","urlTemplate":"https:\/\/dentalc.es\/prod.dentalc.wp\/?s={search_term_string}"},"query-input":"required name=search_term_string"}],"inLanguage":"es"},{"@type":"Organization","@id":"https:\/\/dentalc.es\/prod.dentalc.wp\/#organization","name":"Cl\u00ednica dental DentalC - Tu centro dental de confianza en Villarcayo","url":"https:\/\/dentalc.es\/prod.dentalc.wp\/","logo":{"@type":"ImageObject","inLanguage":"es","@id":"https:\/\/dentalc.es\/prod.dentalc.wp\/#\/schema\/logo\/image\/","url":"http:\/\/192.168.0.135\/prod.dentalc.wp\/wp-content\/uploads\/2019\/06\/DentalC-Logo.png","contentUrl":"http:\/\/192.168.0.135\/prod.dentalc.wp\/wp-content\/uploads\/2019\/06\/DentalC-Logo.png","width":565,"height":254,"caption":"Cl\u00ednica dental DentalC - Tu centro dental de confianza en Villarcayo"},"image":{"@id":"https:\/\/dentalc.es\/prod.dentalc.wp\/#\/schema\/logo\/image\/"}}]}},"_links":{"self":[{"href":"https:\/\/dentalc.es\/prod.dentalc.wp\/wp-json\/wp\/v2\/pages\/28"}],"collection":[{"href":"https:\/\/dentalc.es\/prod.dentalc.wp\/wp-json\/wp\/v2\/pages"}],"about":[{"href":"https:\/\/dentalc.es\/prod.dentalc.wp\/wp-json\/wp\/v2\/types\/page"}],"author":[{"embeddable":true,"href":"https:\/\/dentalc.es\/prod.dentalc.wp\/wp-json\/wp\/v2\/users\/1"}],"replies":[{"embeddable":true,"href":"https:\/\/dentalc.es\/prod.dentalc.wp\/wp-json\/wp\/v2\/comments?post=28"}],"version-history":[{"count":31,"href":"https:\/\/dentalc.es\/prod.dentalc.wp\/wp-json\/wp\/v2\/pages\/28\/revisions"}],"predecessor-version":[{"id":627,"href":"https:\/\/dentalc.es\/prod.dentalc.wp\/wp-json\/wp\/v2\/pages\/28\/revisions\/627"}],"wp:featuredmedia":[{"embeddable":true,"href":"https:\/\/dentalc.es\/prod.dentalc.wp\/wp-json\/wp\/v2\/media\/617"}],"wp:attachment":[{"href":"https:\/\/dentalc.es\/prod.dentalc.wp\/wp-json\/wp\/v2\/media?parent=28"}],"curies":[{"name":"wp","href":"https:\/\/api.w.org\/{rel}","templated":true}]}}